{"id":2786,"date":"2024-06-12T12:57:16","date_gmt":"2024-06-12T09:57:16","guid":{"rendered":"https:\/\/shplast.com\/?page_id=2786"},"modified":"2024-06-12T15:04:31","modified_gmt":"2024-06-12T12:04:31","slug":"fason-parca-uretimi","status":"publish","type":"page","link":"https:\/\/shplast.com\/en\/fason-parca-uretimi\/","title":{"rendered":"Contract Part Manufacturing"},"content":{"rendered":"<div data-elementor-type=\"wp-page\" data-elementor-id=\"2786\" class=\"elementor elementor-2786\" data-elementor-post-type=\"page\">\n\t\t\t\t\t\t<section class=\"elementor-section elementor-top-section elementor-element elementor-element-1765ecff elementor-section-stretched elementor-section-boxed elementor-section-height-default elementor-section-height-default\" data-id=\"1765ecff\" data-element_type=\"section\" data-settings=\"{&quot;stretch_section&quot;:&quot;section-stretched&quot;,&quot;background_background&quot;:&quot;classic&quot;}\">\n\t\t\t\t\t\t<div class=\"elementor-container elementor-column-gap-default\">\n\t\t\t\t\t<div class=\"elementor-column elementor-col-50 elementor-top-column elementor-element elementor-element-6cf1df41\" data-id=\"6cf1df41\" data-element_type=\"column\">\n\t\t\t<div class=\"elementor-widget-wrap elementor-element-populated\">\n\t\t\t\t\t\t<div class=\"elementor-element elementor-element-4413a619 elementor-widget elementor-widget-image\" data-id=\"4413a619\" data-element_type=\"widget\" data-widget_type=\"image.default\">\n\t\t\t\t<div class=\"elementor-widget-container\">\n\t\t\t\t\t\t\t\t\t\t\t\t\t\t\t<img fetchpriority=\"high\" decoding=\"async\" width=\"370\" height=\"462\" src=\"https:\/\/shplast.com\/wp-content\/uploads\/2024\/06\/HizmetFasonFoto1.jpg\" class=\"attachment-large size-large wp-image-2794\" alt=\"\" srcset=\"https:\/\/shplast.com\/wp-content\/uploads\/2024\/06\/HizmetFasonFoto1.jpg 370w, https:\/\/shplast.com\/wp-content\/uploads\/2024\/06\/HizmetFasonFoto1-240x300.jpg 240w, https:\/\/shplast.com\/wp-content\/uploads\/2024\/06\/HizmetFasonFoto1-10x12.jpg 10w\" sizes=\"(max-width: 370px) 100vw, 370px\" \/>\t\t\t\t\t\t\t\t\t\t\t\t\t\t\t<\/div>\n\t\t\t\t<\/div>\n\t\t\t\t\t<\/div>\n\t\t<\/div>\n\t\t\t\t<div class=\"elementor-column elementor-col-50 elementor-top-column elementor-element elementor-element-ebf1ad1\" data-id=\"ebf1ad1\" data-element_type=\"column\">\n\t\t\t<div class=\"elementor-widget-wrap elementor-element-populated\">\n\t\t\t\t\t\t<div class=\"elementor-element elementor-element-14aef5f elementor-widget elementor-widget-transx_heading\" data-id=\"14aef5f\" data-element_type=\"widget\" data-widget_type=\"transx_heading.default\">\n\t\t\t\t<div class=\"elementor-widget-container\">\n\t\t\t\t\t\n        <div class=\"transx_heading_widget\">\n                                <div class=\"transx_up_heading\">Production and Planning<\/div>\n                    \n                <h2 class=\"transx_heading\">\n                     <span>Subcontracting<\/span> Production Process                <\/h2>\n                        <\/div>\n        \t\t\t\t<\/div>\n\t\t\t\t<\/div>\n\t\t\t\t<div class=\"elementor-element elementor-element-17b78166 elementor-widget elementor-widget-text-editor\" data-id=\"17b78166\" data-element_type=\"widget\" data-widget_type=\"text-editor.default\">\n\t\t\t\t<div class=\"elementor-widget-container\">\n\t\t\t\t\t\t\t\t\t<p>With our experience in the field of contract manufacturing, we know very well what we will encounter in production, what we need to do, and to what standards production should take place.\u00a0<\/p><p>In this regard, our company and our company have international quality certificates.<\/p>\t\t\t\t\t\t\t\t<\/div>\n\t\t\t\t<\/div>\n\t\t\t\t\t<\/div>\n\t\t<\/div>\n\t\t\t\t\t<\/div>\n\t\t<\/section>\n\t\t\t\t<section class=\"elementor-section elementor-top-section elementor-element elementor-element-734b7faf elementor-section-boxed elementor-section-height-default elementor-section-height-default\" data-id=\"734b7faf\" data-element_type=\"section\">\n\t\t\t\t\t\t<div class=\"elementor-container elementor-column-gap-default\">\n\t\t\t\t\t<div class=\"elementor-column elementor-col-33 elementor-top-column elementor-element elementor-element-75a42fc2\" data-id=\"75a42fc2\" data-element_type=\"column\">\n\t\t\t<div class=\"elementor-widget-wrap elementor-element-populated\">\n\t\t\t\t\t\t<div class=\"elementor-element elementor-element-5c40301 elementor-widget elementor-widget-transx_heading\" data-id=\"5c40301\" data-element_type=\"widget\" data-widget_type=\"transx_heading.default\">\n\t\t\t\t<div class=\"elementor-widget-container\">\n\t\t\t\t\t\n        <div class=\"transx_heading_widget\">\n            \n                <h2 class=\"transx_heading\">\n                    Production Process                <\/h2>\n                        <\/div>\n        \t\t\t\t<\/div>\n\t\t\t\t<\/div>\n\t\t\t\t<div class=\"elementor-element elementor-element-b132d78 elementor-widget elementor-widget-text-editor\" data-id=\"b132d78\" data-element_type=\"widget\" data-widget_type=\"text-editor.default\">\n\t\t\t\t<div class=\"elementor-widget-container\">\n\t\t\t\t\t\t\t\t\t<ul><li>Examining the technical drawing or sample received from the customer.<\/li><li>Mold design of the part to be produced.<\/li><li>Making a prototype mold of the part<\/li><li>If a special raw material is requested for the part, that raw material must be supplied<\/li><li>First sample approval.<\/li><li>Sending a PPAP file with a sample to the customer.<\/li><li>Mass production of the part after approval from the customer.<\/li><\/ul>\t\t\t\t\t\t\t\t<\/div>\n\t\t\t\t<\/div>\n\t\t\t\t\t<\/div>\n\t\t<\/div>\n\t\t\t\t<div class=\"elementor-column elementor-col-33 elementor-top-column elementor-element elementor-element-4058b76d\" data-id=\"4058b76d\" data-element_type=\"column\">\n\t\t\t<div class=\"elementor-widget-wrap\">\n\t\t\t\t\t\t\t<\/div>\n\t\t<\/div>\n\t\t\t\t<div class=\"elementor-column elementor-col-33 elementor-top-column elementor-element elementor-element-690d7f12\" data-id=\"690d7f12\" data-element_type=\"column\">\n\t\t\t<div class=\"elementor-widget-wrap elementor-element-populated\">\n\t\t\t\t\t\t<div class=\"elementor-element elementor-element-d9f749a elementor-widget__width-initial elementor-widget elementor-widget-transx_download_doc\" data-id=\"d9f749a\" data-element_type=\"widget\" data-widget_type=\"transx_download_doc.default\">\n\t\t\t\t<div class=\"elementor-widget-container\">\n\t\t\t\t\t\n        <div class=\"transx_download_doc_widget\">\n            <div class=\"transx_download_doc_widget view_type_1\">\n                                        <h3 class=\"transx_dd_title\">Product Catalogue<\/h3>\n                        \n                    <a class=\"transx_dd_link\" href=\"#\" download=\"\u00dcr\u00fcn Katalo\u011fu\">\n                        <svg class=\"icon\">\n                            <svg viewbox=\"0 0 512 512\" xmlns=\"http:\/\/www.w3.org\/2000\/svg\"><path d=\"M472 313v139c0 11.028-8.972 20-20 20H60c-11.028 0-20-8.972-20-20V313H0v139c0 33.084 26.916 60 60 60h392c33.084 0 60-26.916 60-60V313h-40z\"\/><path d=\"M352 235.716l-76 76V0h-40v311.716l-76-76L131.716 264 256 388.284 380.284 264z\"\/><\/svg>\n                        <\/svg>\n                    <\/a>\n                                            <p class=\"transx_dd_excerpt\">You can download our Digital Product Catalog here.<\/p>\n                                                <div class=\"transx_dd_description\">PDF, June 2024<\/div>\n                                    <\/div>\n        <\/div>\n        \t\t\t\t<\/div>\n\t\t\t\t<\/div>\n\t\t\t\t\t<\/div>\n\t\t<\/div>\n\t\t\t\t\t<\/div>\n\t\t<\/section>\n\t\t\t\t<\/div>","protected":false},"excerpt":{"rendered":"<p>Fason \u00fcretimi alandaki tecr\u00fcbemiz ile \u00fcretimde neler ile kar\u015f\u0131la\u015faca\u011f\u0131m\u0131z\u0131, neler yapmam\u0131z gerekti\u011fini, \u00fcretimin hangi standartlarda ger\u00e7ekle\u015fmesi gerekti\u011fini \u00e7ok iyi biliyoruz.\u00a0 Bu konuda Firmam\u0131z ba\u015fta olmak \u00fczere, uluslararas\u0131 kalite belgesine sahibiz. M\u00fc\u015fteriden gelen teknik resim veya numunenin incelenmesi. \u00dcretilecek par\u00e7an\u0131n kal\u0131p tasar\u0131m\u0131n\u0131n yap\u0131lmas\u0131. Par\u00e7an\u0131n prototip kal\u0131b\u0131n\u0131n yap\u0131lmas\u0131 Par\u00e7a i\u00e7in \u00f6zel bir hammadde talep edilmi\u015f ise o [&hellip;]<\/p>\n","protected":false},"author":1,"featured_media":2801,"parent":0,"menu_order":0,"comment_status":"closed","ping_status":"closed","template":"","meta":{"footnotes":""},"class_list":["post-2786","page","type-page","status-publish","has-post-thumbnail","hentry"],"_links":{"self":[{"href":"https:\/\/shplast.com\/en\/wp-json\/wp\/v2\/pages\/2786","targetHints":{"allow":["GET"]}}],"collection":[{"href":"https:\/\/shplast.com\/en\/wp-json\/wp\/v2\/pages"}],"about":[{"href":"https:\/\/shplast.com\/en\/wp-json\/wp\/v2\/types\/page"}],"author":[{"embeddable":true,"href":"https:\/\/shplast.com\/en\/wp-json\/wp\/v2\/users\/1"}],"replies":[{"embeddable":true,"href":"https:\/\/shplast.com\/en\/wp-json\/wp\/v2\/comments?post=2786"}],"version-history":[{"count":10,"href":"https:\/\/shplast.com\/en\/wp-json\/wp\/v2\/pages\/2786\/revisions"}],"predecessor-version":[{"id":2800,"href":"https:\/\/shplast.com\/en\/wp-json\/wp\/v2\/pages\/2786\/revisions\/2800"}],"wp:featuredmedia":[{"embeddable":true,"href":"https:\/\/shplast.com\/en\/wp-json\/wp\/v2\/media\/2801"}],"wp:attachment":[{"href":"https:\/\/shplast.com\/en\/wp-json\/wp\/v2\/media?parent=2786"}],"curies":[{"name":"wp","href":"https:\/\/api.w.org\/{rel}","templated":true}]}}