{"id":2347,"date":"2024-06-08T12:18:51","date_gmt":"2024-06-08T09:18:51","guid":{"rendered":"http:\/\/shplast.com\/?page_id=2347"},"modified":"2024-06-14T15:51:18","modified_gmt":"2024-06-14T12:51:18","slug":"urunler","status":"publish","type":"page","link":"https:\/\/shplast.com\/en\/urunler\/","title":{"rendered":"Products"},"content":{"rendered":"<div data-elementor-type=\"wp-page\" data-elementor-id=\"2347\" class=\"elementor elementor-2347\" data-elementor-post-type=\"page\">\n\t\t\t\t\t\t<section class=\"elementor-section elementor-top-section elementor-element elementor-element-73188f8a elementor-reverse-tablet elementor-reverse-mobile elementor-section-boxed elementor-section-height-default elementor-section-height-default\" data-id=\"73188f8a\" data-element_type=\"section\">\n\t\t\t\t\t\t<div class=\"elementor-container elementor-column-gap-extended\">\n\t\t\t\t\t<div class=\"elementor-column elementor-col-66 elementor-top-column elementor-element elementor-element-436ea9e\" data-id=\"436ea9e\" data-element_type=\"column\">\n\t\t\t<div class=\"elementor-widget-wrap elementor-element-populated\">\n\t\t\t\t\t\t<div class=\"elementor-element elementor-element-2865252 elementor-grid-3 elementor-grid-tablet-3 elementor-grid-mobile-2 elementor-products-grid elementor-wc-products elementor-show-pagination-border-yes elementor-widget elementor-widget-woocommerce-products\" data-id=\"2865252\" data-element_type=\"widget\" data-widget_type=\"woocommerce-products.default\">\n\t\t\t\t<div class=\"elementor-widget-container\">\n\t\t\t\t\t<div class=\"woocommerce columns-3\"><div class=\"woocommerce-notices-wrapper\"><\/div><ul class=\"products elementor-grid columns-3\">\n<li class=\"product type-product post-2947 status-publish first instock product_cat-amortisor product_tag-agir-vasita has-post-thumbnail shipping-taxable product-type-simple\">\n\t<a href=\"https:\/\/shplast.com\/en\/product\/25133-plastik-toz-borusu\/\" class=\"woocommerce-LoopProduct-link woocommerce-loop-product__link\"><img fetchpriority=\"high\" decoding=\"async\" width=\"300\" height=\"300\" src=\"https:\/\/shplast.com\/wp-content\/uploads\/2024\/06\/25133-PLASTIK-TOZ-BORUSU-2-300x300.jpg\" class=\"attachment-woocommerce_thumbnail size-woocommerce_thumbnail\" alt=\"25133-Plastik Toz Borusu\" srcset=\"https:\/\/shplast.com\/wp-content\/uploads\/2024\/06\/25133-PLASTIK-TOZ-BORUSU-2-300x300.jpg 300w, https:\/\/shplast.com\/wp-content\/uploads\/2024\/06\/25133-PLASTIK-TOZ-BORUSU-2-150x150.jpg 150w, https:\/\/shplast.com\/wp-content\/uploads\/2024\/06\/25133-PLASTIK-TOZ-BORUSU-2-12x12.jpg 12w, https:\/\/shplast.com\/wp-content\/uploads\/2024\/06\/25133-PLASTIK-TOZ-BORUSU-2-100x100.jpg 100w, https:\/\/shplast.com\/wp-content\/uploads\/2024\/06\/25133-PLASTIK-TOZ-BORUSU-2.jpg 600w\" sizes=\"(max-width: 300px) 100vw, 300px\" \/><h2 class=\"woocommerce-loop-product__title\">25133-Plastic Powder Pipe<\/h2>\n<\/a><\/li>\n<li class=\"product type-product post-2944 status-publish instock product_cat-amortisor product_tag-agir-vasita has-post-thumbnail shipping-taxable product-type-simple\">\n\t<a href=\"https:\/\/shplast.com\/en\/product\/25132-plastik-toz-borusu\/\" class=\"woocommerce-LoopProduct-link woocommerce-loop-product__link\"><img decoding=\"async\" width=\"300\" height=\"300\" src=\"https:\/\/shplast.com\/wp-content\/uploads\/2024\/06\/25132-PLASTIK-TOZ-BORUSU-2-300x300.jpg\" class=\"attachment-woocommerce_thumbnail size-woocommerce_thumbnail\" alt=\"25132-Plastik Toz Borusu\" srcset=\"https:\/\/shplast.com\/wp-content\/uploads\/2024\/06\/25132-PLASTIK-TOZ-BORUSU-2-300x300.jpg 300w, https:\/\/shplast.com\/wp-content\/uploads\/2024\/06\/25132-PLASTIK-TOZ-BORUSU-2-150x150.jpg 150w, https:\/\/shplast.com\/wp-content\/uploads\/2024\/06\/25132-PLASTIK-TOZ-BORUSU-2-12x12.jpg 12w, https:\/\/shplast.com\/wp-content\/uploads\/2024\/06\/25132-PLASTIK-TOZ-BORUSU-2-100x100.jpg 100w, https:\/\/shplast.com\/wp-content\/uploads\/2024\/06\/25132-PLASTIK-TOZ-BORUSU-2.jpg 600w\" sizes=\"(max-width: 300px) 100vw, 300px\" \/><h2 class=\"woocommerce-loop-product__title\">25132-Plastic Powder Pipe<\/h2>\n<\/a><\/li>\n<li class=\"product type-product post-2941 status-publish last instock product_cat-poliuretan-tpu-parcalar product_tag-agir-vasita has-post-thumbnail shipping-taxable product-type-simple\">\n\t<a href=\"https:\/\/shplast.com\/en\/product\/25131-plastik-toz-borusu\/\" class=\"woocommerce-LoopProduct-link woocommerce-loop-product__link\"><img decoding=\"async\" width=\"300\" height=\"300\" src=\"https:\/\/shplast.com\/wp-content\/uploads\/2024\/06\/25131-PLASTIK-TOZ-BORUSU-2-300x300.jpg\" class=\"attachment-woocommerce_thumbnail size-woocommerce_thumbnail\" alt=\"25131-Plastik Toz Borusu\" srcset=\"https:\/\/shplast.com\/wp-content\/uploads\/2024\/06\/25131-PLASTIK-TOZ-BORUSU-2-300x300.jpg 300w, https:\/\/shplast.com\/wp-content\/uploads\/2024\/06\/25131-PLASTIK-TOZ-BORUSU-2-150x150.jpg 150w, https:\/\/shplast.com\/wp-content\/uploads\/2024\/06\/25131-PLASTIK-TOZ-BORUSU-2-12x12.jpg 12w, https:\/\/shplast.com\/wp-content\/uploads\/2024\/06\/25131-PLASTIK-TOZ-BORUSU-2-100x100.jpg 100w, https:\/\/shplast.com\/wp-content\/uploads\/2024\/06\/25131-PLASTIK-TOZ-BORUSU-2.jpg 600w\" sizes=\"(max-width: 300px) 100vw, 300px\" \/><h2 class=\"woocommerce-loop-product__title\">25131-Plastic Powder Pipe<\/h2>\n<\/a><\/li>\n<li class=\"product type-product post-2938 status-publish first instock product_cat-poliuretan-tpu-parcalar product_tag-agir-vasita has-post-thumbnail shipping-taxable product-type-simple\">\n\t<a href=\"https:\/\/shplast.com\/en\/product\/25130-plastik-toz-borusu\/\" class=\"woocommerce-LoopProduct-link woocommerce-loop-product__link\"><img loading=\"lazy\" decoding=\"async\" width=\"300\" height=\"300\" src=\"https:\/\/shplast.com\/wp-content\/uploads\/2024\/06\/25130-PLASTIK-TOZ-BORUSU-2-300x300.jpg\" class=\"attachment-woocommerce_thumbnail size-woocommerce_thumbnail\" alt=\"25130-Plastik Toz Borusu\" srcset=\"https:\/\/shplast.com\/wp-content\/uploads\/2024\/06\/25130-PLASTIK-TOZ-BORUSU-2-300x300.jpg 300w, https:\/\/shplast.com\/wp-content\/uploads\/2024\/06\/25130-PLASTIK-TOZ-BORUSU-2-150x150.jpg 150w, https:\/\/shplast.com\/wp-content\/uploads\/2024\/06\/25130-PLASTIK-TOZ-BORUSU-2-12x12.jpg 12w, https:\/\/shplast.com\/wp-content\/uploads\/2024\/06\/25130-PLASTIK-TOZ-BORUSU-2-100x100.jpg 100w, https:\/\/shplast.com\/wp-content\/uploads\/2024\/06\/25130-PLASTIK-TOZ-BORUSU-2.jpg 600w\" sizes=\"(max-width: 300px) 100vw, 300px\" \/><h2 class=\"woocommerce-loop-product__title\">25130-Plastic Powder Pipe<\/h2>\n<\/a><\/li>\n<li class=\"product type-product post-2935 status-publish instock product_cat-poliuretan-tpu-parcalar product_tag-agir-vasita has-post-thumbnail shipping-taxable product-type-simple\">\n\t<a href=\"https:\/\/shplast.com\/en\/product\/25129-plastik-toz-borusu\/\" class=\"woocommerce-LoopProduct-link woocommerce-loop-product__link\"><img loading=\"lazy\" decoding=\"async\" width=\"300\" height=\"300\" src=\"https:\/\/shplast.com\/wp-content\/uploads\/2024\/06\/25129-PLASTIK-TOZ-BORUSU-2-300x300.jpg\" class=\"attachment-woocommerce_thumbnail size-woocommerce_thumbnail\" alt=\"25129-Plastik Toz Borusu\" srcset=\"https:\/\/shplast.com\/wp-content\/uploads\/2024\/06\/25129-PLASTIK-TOZ-BORUSU-2-300x300.jpg 300w, https:\/\/shplast.com\/wp-content\/uploads\/2024\/06\/25129-PLASTIK-TOZ-BORUSU-2-150x150.jpg 150w, https:\/\/shplast.com\/wp-content\/uploads\/2024\/06\/25129-PLASTIK-TOZ-BORUSU-2-12x12.jpg 12w, https:\/\/shplast.com\/wp-content\/uploads\/2024\/06\/25129-PLASTIK-TOZ-BORUSU-2-100x100.jpg 100w, https:\/\/shplast.com\/wp-content\/uploads\/2024\/06\/25129-PLASTIK-TOZ-BORUSU-2.jpg 600w\" sizes=\"(max-width: 300px) 100vw, 300px\" \/><h2 class=\"woocommerce-loop-product__title\">25129-Plastic Powder Pipe<\/h2>\n<\/a><\/li>\n<li class=\"product type-product post-2932 status-publish last instock product_cat-poliuretan-tpu-parcalar product_tag-agir-vasita has-post-thumbnail shipping-taxable product-type-simple\">\n\t<a href=\"https:\/\/shplast.com\/en\/product\/25128-plastik-toz-borusu\/\" class=\"woocommerce-LoopProduct-link woocommerce-loop-product__link\"><img loading=\"lazy\" decoding=\"async\" width=\"300\" height=\"300\" src=\"https:\/\/shplast.com\/wp-content\/uploads\/2024\/06\/25128-PLASTIK-TOZ-BORUSU-2-300x300.jpg\" class=\"attachment-woocommerce_thumbnail size-woocommerce_thumbnail\" alt=\"25128-Plastik Toz Borusu\" srcset=\"https:\/\/shplast.com\/wp-content\/uploads\/2024\/06\/25128-PLASTIK-TOZ-BORUSU-2-300x300.jpg 300w, https:\/\/shplast.com\/wp-content\/uploads\/2024\/06\/25128-PLASTIK-TOZ-BORUSU-2-150x150.jpg 150w, https:\/\/shplast.com\/wp-content\/uploads\/2024\/06\/25128-PLASTIK-TOZ-BORUSU-2-12x12.jpg 12w, https:\/\/shplast.com\/wp-content\/uploads\/2024\/06\/25128-PLASTIK-TOZ-BORUSU-2-100x100.jpg 100w, https:\/\/shplast.com\/wp-content\/uploads\/2024\/06\/25128-PLASTIK-TOZ-BORUSU-2.jpg 600w\" sizes=\"(max-width: 300px) 100vw, 300px\" \/><h2 class=\"woocommerce-loop-product__title\">25128-Plastic Powder Pipe<\/h2>\n<\/a><\/li>\n<li class=\"product type-product post-2929 status-publish first instock product_cat-poliuretan-tpu-parcalar product_tag-agir-vasita has-post-thumbnail shipping-taxable product-type-simple\">\n\t<a href=\"https:\/\/shplast.com\/en\/product\/25127-plastik-toz-borusu\/\" class=\"woocommerce-LoopProduct-link woocommerce-loop-product__link\"><img loading=\"lazy\" decoding=\"async\" width=\"300\" height=\"300\" src=\"https:\/\/shplast.com\/wp-content\/uploads\/2024\/06\/25127-PLASTIK-TOZ-BORUSU-2-300x300.jpg\" class=\"attachment-woocommerce_thumbnail size-woocommerce_thumbnail\" alt=\"25127-Plastik Toz Borusu\" srcset=\"https:\/\/shplast.com\/wp-content\/uploads\/2024\/06\/25127-PLASTIK-TOZ-BORUSU-2-300x300.jpg 300w, https:\/\/shplast.com\/wp-content\/uploads\/2024\/06\/25127-PLASTIK-TOZ-BORUSU-2-150x150.jpg 150w, https:\/\/shplast.com\/wp-content\/uploads\/2024\/06\/25127-PLASTIK-TOZ-BORUSU-2-12x12.jpg 12w, https:\/\/shplast.com\/wp-content\/uploads\/2024\/06\/25127-PLASTIK-TOZ-BORUSU-2-100x100.jpg 100w, https:\/\/shplast.com\/wp-content\/uploads\/2024\/06\/25127-PLASTIK-TOZ-BORUSU-2.jpg 600w\" sizes=\"(max-width: 300px) 100vw, 300px\" \/><h2 class=\"woocommerce-loop-product__title\">25127-Plastic Powder Pipe<\/h2>\n<\/a><\/li>\n<li class=\"product type-product post-2928 status-publish instock product_cat-poliuretan-tpu-parcalar product_tag-agir-vasita has-post-thumbnail shipping-taxable product-type-simple\">\n\t<a href=\"https:\/\/shplast.com\/en\/product\/25126-plastik-toz-borusu\/\" class=\"woocommerce-LoopProduct-link woocommerce-loop-product__link\"><img loading=\"lazy\" decoding=\"async\" width=\"300\" height=\"300\" src=\"https:\/\/shplast.com\/wp-content\/uploads\/2024\/06\/25126-PLASTIK-TOZ-BORUSU-300x300.jpg\" class=\"attachment-woocommerce_thumbnail size-woocommerce_thumbnail\" alt=\"25126-Plastik Toz Borusu\" srcset=\"https:\/\/shplast.com\/wp-content\/uploads\/2024\/06\/25126-PLASTIK-TOZ-BORUSU-300x300.jpg 300w, https:\/\/shplast.com\/wp-content\/uploads\/2024\/06\/25126-PLASTIK-TOZ-BORUSU-150x150.jpg 150w, https:\/\/shplast.com\/wp-content\/uploads\/2024\/06\/25126-PLASTIK-TOZ-BORUSU-12x12.jpg 12w, https:\/\/shplast.com\/wp-content\/uploads\/2024\/06\/25126-PLASTIK-TOZ-BORUSU-100x100.jpg 100w, https:\/\/shplast.com\/wp-content\/uploads\/2024\/06\/25126-PLASTIK-TOZ-BORUSU.jpg 600w\" sizes=\"(max-width: 300px) 100vw, 300px\" \/><h2 class=\"woocommerce-loop-product__title\">25126-Plastic Powder Pipe<\/h2>\n<\/a><\/li>\n<li class=\"product type-product post-2925 status-publish last instock product_cat-poliuretan-tpu-parcalar product_tag-agir-vasita has-post-thumbnail shipping-taxable product-type-simple\">\n\t<a href=\"https:\/\/shplast.com\/en\/product\/25125-plastik-toz-borusu\/\" class=\"woocommerce-LoopProduct-link woocommerce-loop-product__link\"><img loading=\"lazy\" decoding=\"async\" width=\"300\" height=\"300\" src=\"https:\/\/shplast.com\/wp-content\/uploads\/2024\/06\/25125-PLASTIK-TOZ-BORUSU-300x300.jpg\" class=\"attachment-woocommerce_thumbnail size-woocommerce_thumbnail\" alt=\"25125-Plastik Toz Borusu\" srcset=\"https:\/\/shplast.com\/wp-content\/uploads\/2024\/06\/25125-PLASTIK-TOZ-BORUSU-300x300.jpg 300w, https:\/\/shplast.com\/wp-content\/uploads\/2024\/06\/25125-PLASTIK-TOZ-BORUSU-150x150.jpg 150w, https:\/\/shplast.com\/wp-content\/uploads\/2024\/06\/25125-PLASTIK-TOZ-BORUSU-12x12.jpg 12w, https:\/\/shplast.com\/wp-content\/uploads\/2024\/06\/25125-PLASTIK-TOZ-BORUSU-100x100.jpg 100w, https:\/\/shplast.com\/wp-content\/uploads\/2024\/06\/25125-PLASTIK-TOZ-BORUSU.jpg 600w\" sizes=\"(max-width: 300px) 100vw, 300px\" \/><h2 class=\"woocommerce-loop-product__title\">25125-Plastic Powder Pipe<\/h2>\n<\/a><\/li>\n<\/ul>\n<nav class=\"woocommerce-pagination\" aria-label=\"Product Pagination\" data-no-translation-aria-label=\"\">\n\t<ul class='page-numbers'>\n\t<li><span aria-label=\"Page 1\" aria-current=\"page\" class=\"page-numbers current\" data-no-translation-aria-label=\"\">1<\/span><\/li>\n\t<li><a aria-label=\"Page 2\" class=\"page-numbers\" href=\"\/en\/wp-json\/wp\/v2\/pages\/2347?product-page=2\" data-no-translation-aria-label=\"\">2<\/a><\/li>\n\t<li><a aria-label=\"Page 3\" class=\"page-numbers\" href=\"\/en\/wp-json\/wp\/v2\/pages\/2347?product-page=3\" data-no-translation-aria-label=\"\">3<\/a><\/li>\n\t<li><a aria-label=\"Page 4\" class=\"page-numbers\" href=\"\/en\/wp-json\/wp\/v2\/pages\/2347?product-page=4\" data-no-translation-aria-label=\"\">4<\/a><\/li>\n\t<li><span class=\"page-numbers dots\">&hellip;<\/span><\/li>\n\t<li><a aria-label=\"Page 10\" class=\"page-numbers\" href=\"\/en\/wp-json\/wp\/v2\/pages\/2347?product-page=10\" data-no-translation-aria-label=\"\">10<\/a><\/li>\n\t<li><a aria-label=\"Page 11\" class=\"page-numbers\" href=\"\/en\/wp-json\/wp\/v2\/pages\/2347?product-page=11\" data-no-translation-aria-label=\"\">11<\/a><\/li>\n\t<li><a aria-label=\"Page 12\" class=\"page-numbers\" href=\"\/en\/wp-json\/wp\/v2\/pages\/2347?product-page=12\" data-no-translation-aria-label=\"\">12<\/a><\/li>\n\t<li><a class=\"next page-numbers\" href=\"\/en\/wp-json\/wp\/v2\/pages\/2347?product-page=2\">\u2192<\/a><\/li>\n<\/ul>\n<\/nav>\n<\/div>\t\t\t\t<\/div>\n\t\t\t\t<\/div>\n\t\t\t\t\t<\/div>\n\t\t<\/div>\n\t\t\t\t<div class=\"elementor-column elementor-col-33 elementor-top-column elementor-element elementor-element-51e36cb elementor-hidden-phone\" data-id=\"51e36cb\" data-element_type=\"column\">\n\t\t\t<div class=\"elementor-widget-wrap elementor-element-populated\">\n\t\t\t\t\t\t<div class=\"elementor-element elementor-element-dc6042d elementor-widget elementor-widget-sidebar\" data-id=\"dc6042d\" data-element_type=\"widget\" data-widget_type=\"sidebar.default\">\n\t\t\t\t<div class=\"elementor-widget-container\">\n\t\t\t\t\t<div id=\"block-5\" class=\"widget widget_block widget_search\"><form role=\"search\" method=\"get\" action=\"https:\/\/shplast.com\/en\/\" class=\"wp-block-search__button-inside wp-block-search__text-button alignleft wp-block-search\" data-trp-original-action=\"https:\/\/shplast.com\/en\/\"    ><label class=\"wp-block-search__label\" for=\"wp-block-search__input-1\" >Product Search<\/label><div class=\"wp-block-search__inside-wrapper\"  style=\"width: 322px\"><input class=\"wp-block-search__input\" id=\"wp-block-search__input-1\" placeholder=\"OEM No.\" value=\"\" type=\"search\" name=\"s\" required \/><input type=\"hidden\" name=\"post_type\" value=\"product\" \/><button aria-label=\"Search\" class=\"wp-block-search__button wp-element-button\" type=\"submit\" >Search<\/button><\/div><input type=\"hidden\" name=\"trp-form-language\" value=\"en\"\/><\/form><\/div>\t\t\t\t<\/div>\n\t\t\t\t<\/div>\n\t\t\t\t<div class=\"elementor-element elementor-element-55a2621 elementor-widget elementor-widget-wp-widget-woocommerce_product_categories\" data-id=\"55a2621\" data-element_type=\"widget\" data-settings=\"{&quot;_animation&quot;:&quot;none&quot;}\" data-widget_type=\"wp-widget-woocommerce_product_categories.default\">\n\t\t\t\t<div class=\"elementor-widget-container\">\n\t\t\t\t\t<div class=\"woocommerce widget_product_categories\"><h5>product groups<\/h5><ul class=\"product-categories\"><li class=\"cat-item cat-item-54\"><a href=\"https:\/\/shplast.com\/en\/product-category\/dorse-tamir-takimlari\/\">Trailer Repair Kits<\/a><\/li>\n<li class=\"cat-item cat-item-55\"><a href=\"https:\/\/shplast.com\/en\/product-category\/koruyucu-kapaklar-rot-rotil\/\">Protective Covers - Tie Rod \/ Ball Joint<\/a><\/li>\n<li class=\"cat-item cat-item-59\"><a href=\"https:\/\/shplast.com\/en\/product-category\/diger-parcalar\/\">Other Parts<\/a><\/li>\n<li class=\"cat-item cat-item-70\"><a href=\"https:\/\/shplast.com\/en\/product-category\/amortisor\/\">Shock absorber<\/a><\/li>\n<li class=\"cat-item cat-item-20\"><a href=\"https:\/\/shplast.com\/en\/product-category\/rot-rotil-yataklari\/\">Ball Joint Bearings<\/a><\/li>\n<li class=\"cat-item cat-item-21\"><a href=\"https:\/\/shplast.com\/en\/product-category\/tamir-takimlari-agir-vasita\/\">Repair Kits - Heavy Vehicle<\/a><\/li>\n<li class=\"cat-item cat-item-22\"><a href=\"https:\/\/shplast.com\/en\/product-category\/rot-yuvasi-agir-vasita\/\">Tie Rod Seat - Heavy Vehicle<\/a><\/li>\n<li class=\"cat-item cat-item-23\"><a href=\"https:\/\/shplast.com\/en\/product-category\/poliuretan-tpu-parcalar\/\">Polyurethane TPU Parts<\/a><\/li>\n<li class=\"cat-item cat-item-24\"><a href=\"https:\/\/shplast.com\/en\/product-category\/plastik-metal-component\/\">Plastic-Metal Component<\/a><\/li>\n<li class=\"cat-item cat-item-52\"><a href=\"https:\/\/shplast.com\/en\/product-category\/toz-lastikleri-rot-rotil\/\">Dust Tires - Tie Rod \/ Ball Joint<\/a><\/li>\n<\/ul><\/div>\t\t\t\t<\/div>\n\t\t\t\t<\/div>\n\t\t\t\t<div class=\"elementor-element elementor-element-6922647 elementor-widget elementor-widget-transx_download_doc\" data-id=\"6922647\" data-element_type=\"widget\" data-widget_type=\"transx_download_doc.default\">\n\t\t\t\t<div class=\"elementor-widget-container\">\n\t\t\t\t\t\n        <div class=\"transx_download_doc_widget\">\n            <div class=\"transx_download_doc_widget view_type_2\">\n                                    <div class=\"transx_dd_image_cont\">\n                                                    <img decoding=\"async\" class=\"transx_svg_icon\" src=\"https:\/\/demo.artureanec.com\/themes\/transx-new\/wp-content\/uploads\/2021\/06\/docx.svg\" alt=\"SVG Icon\" \/>\n                                                <\/div>\n\n                    <div class=\"transx_dd_content_cont\">\n                                                    <h6 class=\"transx_dd_title\">Digital Catalog<\/h6>\n                                                        <div class=\"transx_dd_description\">March 2024<\/div>\n                                                <\/div>\n\n                    <a class=\"transx_dd_link\" href=\"#\" download=\"Dijital Katalog\">\n                        <svg class=\"icon\">\n                            <svg viewbox=\"0 0 512 512\" xmlns=\"http:\/\/www.w3.org\/2000\/svg\"><path d=\"M472 313v139c0 11.028-8.972 20-20 20H60c-11.028 0-20-8.972-20-20V313H0v139c0 33.084 26.916 60 60 60h392c33.084 0 60-26.916 60-60V313h-40z\"\/><path d=\"M352 235.716l-76 76V0h-40v311.716l-76-76L131.716 264 256 388.284 380.284 264z\"\/><\/svg>\n                        <\/svg>\n                    <\/a>\n                                <\/div>\n        <\/div>\n        \t\t\t\t<\/div>\n\t\t\t\t<\/div>\n\t\t\t\t<div class=\"elementor-element elementor-element-5b07c4f elementor-widget elementor-widget-transx_download_doc\" data-id=\"5b07c4f\" data-element_type=\"widget\" data-widget_type=\"transx_download_doc.default\">\n\t\t\t\t<div class=\"elementor-widget-container\">\n\t\t\t\t\t\n        <div class=\"transx_download_doc_widget\">\n            <div class=\"transx_download_doc_widget view_type_2\">\n                                    <div class=\"transx_dd_image_cont\">\n                                                    <img decoding=\"async\" class=\"transx_svg_icon\" src=\"https:\/\/demo.artureanec.com\/themes\/transx-new\/wp-content\/uploads\/2021\/06\/file.svg\" alt=\"SVG Icon\" \/>\n                                                <\/div>\n\n                    <div class=\"transx_dd_content_cont\">\n                                                    <h6 class=\"transx_dd_title\">Product Group Catalog<\/h6>\n                                                        <div class=\"transx_dd_description\">June 2024<\/div>\n                                                <\/div>\n\n                    <a class=\"transx_dd_link\" href=\"#\" download=\"\u00dcr\u00fcn Grup Katalo\u011fu\">\n                        <svg class=\"icon\">\n                            <svg viewbox=\"0 0 512 512\" xmlns=\"http:\/\/www.w3.org\/2000\/svg\"><path d=\"M472 313v139c0 11.028-8.972 20-20 20H60c-11.028 0-20-8.972-20-20V313H0v139c0 33.084 26.916 60 60 60h392c33.084 0 60-26.916 60-60V313h-40z\"\/><path d=\"M352 235.716l-76 76V0h-40v311.716l-76-76L131.716 264 256 388.284 380.284 264z\"\/><\/svg>\n                        <\/svg>\n                    <\/a>\n                                <\/div>\n        <\/div>\n        \t\t\t\t<\/div>\n\t\t\t\t<\/div>\n\t\t\t\t\t<\/div>\n\t\t<\/div>\n\t\t\t\t\t<\/div>\n\t\t<\/section>\n\t\t\t\t<\/div>","protected":false},"excerpt":{"rendered":"","protected":false},"author":1,"featured_media":1724,"parent":0,"menu_order":0,"comment_status":"closed","ping_status":"closed","template":"","meta":{"footnotes":""},"class_list":["post-2347","page","type-page","status-publish","has-post-thumbnail","hentry"],"_links":{"self":[{"href":"https:\/\/shplast.com\/en\/wp-json\/wp\/v2\/pages\/2347","targetHints":{"allow":["GET"]}}],"collection":[{"href":"https:\/\/shplast.com\/en\/wp-json\/wp\/v2\/pages"}],"about":[{"href":"https:\/\/shplast.com\/en\/wp-json\/wp\/v2\/types\/page"}],"author":[{"embeddable":true,"href":"https:\/\/shplast.com\/en\/wp-json\/wp\/v2\/users\/1"}],"replies":[{"embeddable":true,"href":"https:\/\/shplast.com\/en\/wp-json\/wp\/v2\/comments?post=2347"}],"version-history":[{"count":152,"href":"https:\/\/shplast.com\/en\/wp-json\/wp\/v2\/pages\/2347\/revisions"}],"predecessor-version":[{"id":3026,"href":"https:\/\/shplast.com\/en\/wp-json\/wp\/v2\/pages\/2347\/revisions\/3026"}],"wp:featuredmedia":[{"embeddable":true,"href":"https:\/\/shplast.com\/en\/wp-json\/wp\/v2\/media\/1724"}],"wp:attachment":[{"href":"https:\/\/shplast.com\/en\/wp-json\/wp\/v2\/media?parent=2347"}],"curies":[{"name":"wp","href":"https:\/\/api.w.org\/{rel}","templated":true}]}}